{"id":8,"date":"2023-02-15T17:49:52","date_gmt":"2023-02-15T20:49:52","guid":{"rendered":"https:\/\/pluginsds.com\/sites\/?page_id=8"},"modified":"2025-06-02T13:19:44","modified_gmt":"2025-06-02T16:19:44","slug":"sobre-nos","status":"publish","type":"page","link":"https:\/\/easysites.com.br\/autopecas\/sobre-nos\/","title":{"rendered":"Sobre N\u00f3s"},"content":{"rendered":"\t\t<div data-elementor-type=\"wp-page\" data-elementor-id=\"8\" class=\"elementor elementor-8\" data-elementor-post-type=\"page\">\n\t\t\t\t<div class=\"elementor-element elementor-element-a204269 e-flex e-con-boxed e-con e-parent\" data-id=\"a204269\" data-element_type=\"container\" data-settings=\"{&quot;background_background&quot;:&quot;classic&quot;}\">\n\t\t\t\t\t<div class=\"e-con-inner\">\n\t\t\t\t<div class=\"elementor-element elementor-element-a571e3a elementor-widget elementor-widget-heading\" data-id=\"a571e3a\" data-element_type=\"widget\" data-widget_type=\"heading.default\">\n\t\t\t\t<div class=\"elementor-widget-container\">\n\t\t\t\t\t<h2 class=\"elementor-heading-title elementor-size-default\">Sobre N\u00f3s<\/h2>\t\t\t\t<\/div>\n\t\t\t\t<\/div>\n\t\t\t\t\t<\/div>\n\t\t\t\t<\/div>\n\t\t<div class=\"elementor-element elementor-element-3882766 e-flex e-con-boxed e-con e-parent\" data-id=\"3882766\" data-element_type=\"container\" data-settings=\"{&quot;background_background&quot;:&quot;classic&quot;}\">\n\t\t\t\t\t<div class=\"e-con-inner\">\n\t\t<div class=\"elementor-element elementor-element-c7fa65b animated-slow e-flex e-con-boxed elementor-invisible e-con e-child\" data-id=\"c7fa65b\" data-element_type=\"container\" data-settings=\"{&quot;animation&quot;:&quot;fadeIn&quot;,&quot;background_background&quot;:&quot;classic&quot;}\">\n\t\t\t\t\t<div class=\"e-con-inner\">\n\t\t\t\t<div class=\"elementor-element elementor-element-f74b1c1 elementor-mobile-align-center elementor-align-left elementor-widget elementor-widget-button\" data-id=\"f74b1c1\" data-element_type=\"widget\" data-widget_type=\"button.default\">\n\t\t\t\t<div class=\"elementor-widget-container\">\n\t\t\t\t\t\t\t\t\t<div class=\"elementor-button-wrapper\">\n\t\t\t\t\t<a class=\"elementor-button elementor-button-link elementor-size-sm\" href=\"#\">\n\t\t\t\t\t\t<span class=\"elementor-button-content-wrapper\">\n\t\t\t\t\t\t<span class=\"elementor-button-icon\">\n\t\t\t\t<svg xmlns=\"http:\/\/www.w3.org\/2000\/svg\" xmlns:xlink=\"http:\/\/www.w3.org\/1999\/xlink\" id=\"Capa_1\" x=\"0px\" y=\"0px\" width=\"443.771px\" height=\"443.772px\" viewBox=\"0 0 443.771 443.772\" style=\"enable-background:new 0 0 443.771 443.772;\" xml:space=\"preserve\"><g>\t<g id=\"Layer_3\">\t\t<g>\t\t\t<path d=\"M163.073,3.459C140.557,125.764,122.304,144.016,0,166.532c122.305,22.516,140.557,40.768,163.073,163.073    c22.516-122.305,40.768-140.557,163.073-163.073C203.841,144.016,185.588,125.764,163.073,3.459z\"><\/path>\t\t\t<path d=\"M340.064,232.896c-14.318,77.781-25.928,89.39-103.708,103.708c77.78,14.319,89.39,25.928,103.708,103.708    c14.318-77.78,25.928-89.39,103.707-103.708C365.99,322.286,354.383,310.677,340.064,232.896z\"><\/path>\t\t<\/g>\t<\/g><\/g><g><\/g><g><\/g><g><\/g><g><\/g><g><\/g><g><\/g><g><\/g><g><\/g><g><\/g><g><\/g><g><\/g><g><\/g><g><\/g><g><\/g><g><\/g><\/svg>\t\t\t<\/span>\n\t\t\t\t\t\t\t\t\t<span class=\"elementor-button-text\">QUEM SOMOS<\/span>\n\t\t\t\t\t<\/span>\n\t\t\t\t\t<\/a>\n\t\t\t\t<\/div>\n\t\t\t\t\t\t\t\t<\/div>\n\t\t\t\t<\/div>\n\t\t\t\t<div class=\"elementor-element elementor-element-d50617c elementor-widget elementor-widget-heading\" data-id=\"d50617c\" data-element_type=\"widget\" data-widget_type=\"heading.default\">\n\t\t\t\t<div class=\"elementor-widget-container\">\n\t\t\t\t\t<h2 class=\"elementor-heading-title elementor-size-default\">Pedro Car Auto Pe\u00e7as e Distribuidora Ltda.<\/h2>\t\t\t\t<\/div>\n\t\t\t\t<\/div>\n\t\t\t\t<div class=\"elementor-element elementor-element-033dac4 elementor-widget elementor-widget-text-editor\" data-id=\"033dac4\" data-element_type=\"widget\" data-widget_type=\"text-editor.default\">\n\t\t\t\t<div class=\"elementor-widget-container\">\n\t\t\t\t\t\t\t\t\t<p>Bem-vindo \u00e0 Pedro Car Auto Pe\u00e7as e Distribuidora Ltda. \u2013 o seu destino completo para pe\u00e7as e acess\u00f3rios automotivos novos!<\/p><p>Com uma vasta experi\u00eancia no mercado e um compromisso inabal\u00e1vel com a qualidade, dedicamo-nos a oferecer as melhores solu\u00e7\u00f5es para o seu ve\u00edculo. Nosso foco principal \u00e9 o com\u00e9rcio varejista de pe\u00e7as e acess\u00f3rios novos, garantindo que voc\u00ea encontre exatamente o que precisa para manter seu carro sempre em perfeito funcionamento.<\/p><p>Estamos localizados estrategicamente na Avenida Marechal Tito, 5628 &#8211; Itaim Paulista, S\u00e3o Paulo &#8211; SP, CEP 08.115-000. Venha nos visitar e descubra por que a Pedro Car \u00e9 a escolha de confian\u00e7a para milhares de motoristas. Sua satisfa\u00e7\u00e3o \u00e9 o nosso motor!<\/p>\t\t\t\t\t\t\t\t<\/div>\n\t\t\t\t<\/div>\n\t\t\t\t<div class=\"elementor-element elementor-element-8d20c0b elementor-widget elementor-widget-heading\" data-id=\"8d20c0b\" data-element_type=\"widget\" data-widget_type=\"heading.default\">\n\t\t\t\t<div class=\"elementor-widget-container\">\n\t\t\t\t\t<h2 class=\"elementor-heading-title elementor-size-default\">Nosso compromisso:<\/h2>\t\t\t\t<\/div>\n\t\t\t\t<\/div>\n\t\t\t\t<div class=\"elementor-element elementor-element-1cf4a32 elementor-icon-list--layout-traditional elementor-list-item-link-full_width elementor-widget elementor-widget-icon-list\" data-id=\"1cf4a32\" data-element_type=\"widget\" data-widget_type=\"icon-list.default\">\n\t\t\t\t<div class=\"elementor-widget-container\">\n\t\t\t\t\t\t\t<ul class=\"elementor-icon-list-items\">\n\t\t\t\t\t\t\t<li class=\"elementor-icon-list-item\">\n\t\t\t\t\t\t\t\t\t\t\t<span class=\"elementor-icon-list-icon\">\n\t\t\t\t\t\t\t<i aria-hidden=\"true\" class=\"far fa-check-circle\"><\/i>\t\t\t\t\t\t<\/span>\n\t\t\t\t\t\t\t\t\t\t<span class=\"elementor-icon-list-text\"><b>Qualidade Superior:<\/b> Oferecer somente pe\u00e7as e acess\u00f3rios novos de alta qualidade, garantindo a performance e a seguran\u00e7a do seu ve\u00edculo.<\/span>\n\t\t\t\t\t\t\t\t\t<\/li>\n\t\t\t\t\t\t\t\t<li class=\"elementor-icon-list-item\">\n\t\t\t\t\t\t\t\t\t\t\t<span class=\"elementor-icon-list-icon\">\n\t\t\t\t\t\t\t<i aria-hidden=\"true\" class=\"far fa-check-circle\"><\/i>\t\t\t\t\t\t<\/span>\n\t\t\t\t\t\t\t\t\t\t<span class=\"elementor-icon-list-text\"><b>Atendimento Excepcional:<\/b> Proporcionar uma experi\u00eancia de compra \u00e1gil, eficiente e com a aten\u00e7\u00e3o que voc\u00ea merece.<\/span>\n\t\t\t\t\t\t\t\t\t<\/li>\n\t\t\t\t\t\t\t\t<li class=\"elementor-icon-list-item\">\n\t\t\t\t\t\t\t\t\t\t\t<span class=\"elementor-icon-list-icon\">\n\t\t\t\t\t\t\t<i aria-hidden=\"true\" class=\"far fa-check-circle\"><\/i>\t\t\t\t\t\t<\/span>\n\t\t\t\t\t\t\t\t\t\t<span class=\"elementor-icon-list-text\"><b>Variedade e Disponibilidade: <\/b>Assegurar que voc\u00ea encontre exatamente o que precisa, com um estoque completo para diversas necessidades.<\/span>\n\t\t\t\t\t\t\t\t\t<\/li>\n\t\t\t\t\t\t\t\t<li class=\"elementor-icon-list-item\">\n\t\t\t\t\t\t\t\t\t\t\t<span class=\"elementor-icon-list-icon\">\n\t\t\t\t\t\t\t<i aria-hidden=\"true\" class=\"far fa-check-circle\"><\/i>\t\t\t\t\t\t<\/span>\n\t\t\t\t\t\t\t\t\t\t<span class=\"elementor-icon-list-text\"><b>Sua Satisfa\u00e7\u00e3o:  <\/b>Colocar a sua satisfa\u00e7\u00e3o como nossa prioridade m\u00e1xima, pois ela \u00e9 o motor que nos impulsiona a buscar a excel\u00eancia todos os dias.<\/span>\n\t\t\t\t\t\t\t\t\t<\/li>\n\t\t\t\t\t\t<\/ul>\n\t\t\t\t\t\t<\/div>\n\t\t\t\t<\/div>\n\t\t\t\t<div class=\"elementor-element elementor-element-aa78b87 elementor-widget elementor-widget-heading\" data-id=\"aa78b87\" data-element_type=\"widget\" data-widget_type=\"heading.default\">\n\t\t\t\t<div class=\"elementor-widget-container\">\n\t\t\t\t\t<h2 class=\"elementor-heading-title elementor-size-default\">Venha nos conhecer e viva a experi\u00eancia Pedro Car Auto Pe\u00e7as e Distribuidora Ltda.!<\/h2>\t\t\t\t<\/div>\n\t\t\t\t<\/div>\n\t\t\t\t\t<\/div>\n\t\t\t\t<\/div>\n\t\t<div class=\"elementor-element elementor-element-12c5834 e-flex e-con-boxed e-con e-child\" data-id=\"12c5834\" data-element_type=\"container\" data-settings=\"{&quot;background_background&quot;:&quot;classic&quot;}\">\n\t\t\t\t\t<div class=\"e-con-inner\">\n\t\t\t\t\t<\/div>\n\t\t\t\t<\/div>\n\t\t\t\t\t<\/div>\n\t\t\t\t<\/div>\n\t\t<div class=\"elementor-element elementor-element-e860f5e e-flex e-con-boxed e-con e-parent\" data-id=\"e860f5e\" data-element_type=\"container\">\n\t\t\t\t\t<div class=\"e-con-inner\">\n\t\t\t\t<div class=\"elementor-element elementor-element-e44d4c0 elementor-widget elementor-widget-heading\" data-id=\"e44d4c0\" data-element_type=\"widget\" data-widget_type=\"heading.default\">\n\t\t\t\t<div class=\"elementor-widget-container\">\n\t\t\t\t\t<h2 class=\"elementor-heading-title elementor-size-default\">Venha Nos Visitar\n<\/h2>\t\t\t\t<\/div>\n\t\t\t\t<\/div>\n\t\t\t\t<div class=\"elementor-element elementor-element-8c7bd82 elementor-widget elementor-widget-google_maps\" data-id=\"8c7bd82\" data-element_type=\"widget\" data-widget_type=\"google_maps.default\">\n\t\t\t\t<div class=\"elementor-widget-container\">\n\t\t\t\t\t\t\t<div class=\"elementor-custom-embed\">\n\t\t\t<iframe loading=\"lazy\"\n\t\t\t\t\tsrc=\"https:\/\/maps.google.com\/maps?q=Avenida%20Marechal%20Tito%2C%205628%20-%20Itaim%20Paulista%2C%20S%C3%A3o%20Paulo%20-%20SP%2C%20CEP%2008.115-000&#038;t=m&#038;z=17&#038;output=embed&#038;iwloc=near\"\n\t\t\t\t\ttitle=\"Avenida Marechal Tito, 5628 - Itaim Paulista, S\u00e3o Paulo - SP, CEP 08.115-000\"\n\t\t\t\t\taria-label=\"Avenida Marechal Tito, 5628 - Itaim Paulista, S\u00e3o Paulo - SP, CEP 08.115-000\"\n\t\t\t><\/iframe>\n\t\t<\/div>\n\t\t\t\t\t\t<\/div>\n\t\t\t\t<\/div>\n\t\t\t\t\t<\/div>\n\t\t\t\t<\/div>\n\t\t\t\t<\/div>\n\t\t","protected":false},"excerpt":{"rendered":"<p>Sobre N\u00f3s QUEM SOMOS Pedro Car Auto Pe\u00e7as e Distribuidora Ltda. Bem-vindo \u00e0 Pedro Car Auto Pe\u00e7as e Distribuidora Ltda. \u2013 o seu destino completo para pe\u00e7as e acess\u00f3rios automotivos novos! Com uma vasta experi\u00eancia no mercado e um compromisso inabal\u00e1vel com a qualidade, dedicamo-nos a oferecer as melhores solu\u00e7\u00f5es para o seu ve\u00edculo. Nosso [&hellip;]<\/p>\n","protected":false},"author":2,"featured_media":0,"parent":0,"menu_order":0,"comment_status":"closed","ping_status":"closed","template":"elementor_header_footer","meta":{"footnotes":""},"class_list":["post-8","page","type-page","status-publish","hentry"],"_links":{"self":[{"href":"https:\/\/easysites.com.br\/autopecas\/wp-json\/wp\/v2\/pages\/8","targetHints":{"allow":["GET"]}}],"collection":[{"href":"https:\/\/easysites.com.br\/autopecas\/wp-json\/wp\/v2\/pages"}],"about":[{"href":"https:\/\/easysites.com.br\/autopecas\/wp-json\/wp\/v2\/types\/page"}],"author":[{"embeddable":true,"href":"https:\/\/easysites.com.br\/autopecas\/wp-json\/wp\/v2\/users\/2"}],"replies":[{"embeddable":true,"href":"https:\/\/easysites.com.br\/autopecas\/wp-json\/wp\/v2\/comments?post=8"}],"version-history":[{"count":6,"href":"https:\/\/easysites.com.br\/autopecas\/wp-json\/wp\/v2\/pages\/8\/revisions"}],"predecessor-version":[{"id":2348,"href":"https:\/\/easysites.com.br\/autopecas\/wp-json\/wp\/v2\/pages\/8\/revisions\/2348"}],"wp:attachment":[{"href":"https:\/\/easysites.com.br\/autopecas\/wp-json\/wp\/v2\/media?parent=8"}],"curies":[{"name":"wp","href":"https:\/\/api.w.org\/{rel}","templated":true}]}}